{"id":93,"date":"2019-07-22T10:22:28","date_gmt":"2019-07-22T15:22:28","guid":{"rendered":"http:\/\/www.roxdelafuente.com\/escucharnosdecir.org\/d41d8-music-band-single-album\/"},"modified":"2021-02-14T11:04:05","modified_gmt":"2021-02-14T17:04:05","slug":"eventos","status":"publish","type":"page","link":"https:\/\/www.metgroup.com.mx\/escucharnosdecir\/eventos\/","title":{"rendered":"Eventos"},"content":{"rendered":"\t\t<div data-elementor-type=\"wp-post\" data-elementor-id=\"93\" class=\"elementor elementor-93\" data-elementor-settings=\"{&quot;ha_cmc_init_switcher&quot;:&quot;no&quot;}\">\n\t\t\t\t\t\t<section class=\"elementor-section elementor-top-section elementor-element elementor-element-0ca3414 elementor-section-content-middle elementor-section-boxed elementor-section-height-default elementor-section-height-default\" data-id=\"0ca3414\" data-element_type=\"section\" data-e-type=\"section\" data-settings=\"{&quot;background_background&quot;:&quot;classic&quot;,&quot;_ha_eqh_enable&quot;:false}\">\n\t\t\t\t\t\t<div class=\"elementor-container elementor-column-gap-no\">\n\t\t\t\t\t<div class=\"elementor-column elementor-col-50 elementor-top-column elementor-element elementor-element-99661f3\" data-id=\"99661f3\" data-element_type=\"column\" data-e-type=\"column\">\n\t\t\t<div class=\"elementor-widget-wrap elementor-element-populated\">\n\t\t\t\t\t\t<div class=\"elementor-element elementor-element-15a8250 elementor-widget elementor-widget-heading\" data-id=\"15a8250\" data-element_type=\"widget\" data-e-type=\"widget\" data-widget_type=\"heading.default\">\n\t\t\t\t<div class=\"elementor-widget-container\">\n\t\t\t\t\t<h2 class=\"elementor-heading-title elementor-size-default\">Pr\u00f3ximos eventos<\/h2>\t\t\t\t<\/div>\n\t\t\t\t<\/div>\n\t\t\t\t\t<\/div>\n\t\t<\/div>\n\t\t\t\t<div class=\"elementor-column elementor-col-50 elementor-top-column elementor-element elementor-element-9044403\" data-id=\"9044403\" data-element_type=\"column\" data-e-type=\"column\">\n\t\t\t<div class=\"elementor-widget-wrap\">\n\t\t\t\t\t\t\t<\/div>\n\t\t<\/div>\n\t\t\t\t\t<\/div>\n\t\t<\/section>\n\t\t\t\t<section class=\"elementor-section elementor-top-section elementor-element elementor-element-0ff70cc elementor-section-content-top elementor-section-boxed elementor-section-height-default elementor-section-height-default\" data-id=\"0ff70cc\" data-element_type=\"section\" data-e-type=\"section\" data-settings=\"{&quot;background_background&quot;:&quot;classic&quot;,&quot;_ha_eqh_enable&quot;:false}\">\n\t\t\t\t\t\t<div class=\"elementor-container elementor-column-gap-no\">\n\t\t\t\t\t<div class=\"elementor-column elementor-col-100 elementor-top-column elementor-element elementor-element-59c0159\" data-id=\"59c0159\" data-element_type=\"column\" data-e-type=\"column\">\n\t\t\t<div class=\"elementor-widget-wrap elementor-element-populated\">\n\t\t\t\t\t\t<div class=\"elementor-element elementor-element-eff943d elementor-widget elementor-widget-obfx-posts-grid\" data-id=\"eff943d\" data-element_type=\"widget\" data-e-type=\"widget\" data-widget_type=\"obfx-posts-grid.default\">\n\t\t\t\t<div class=\"elementor-widget-container\">\n\t\t\t\t\t<div class=\"obfx-grid\"><div class=\"obfx-grid-container obfx-grid-desktop-3\"><div class=\"obfx-grid-wrapper\"><article class=\"obfx-grid-col\"><div class=\"obfx-grid-col-image\" style=\"\"><a href=\"https:\/\/www.metgroup.com.mx\/escucharnosdecir\/eventos\/feb25\/\" title=\"Alto a la impunidad en M\u00e9xico\"><img fetchpriority=\"high\" decoding=\"async\" width=\"1694\" height=\"1210\" src=\"https:\/\/www.metgroup.com.mx\/escucharnosdecir\/wp-content\/uploads\/2020\/10\/escucharnos-decir-11.jpg\" class=\"img-responsive wp-post-image\" alt=\"#EscucharnosDecir #EnElAtrio\" srcset=\"https:\/\/www.metgroup.com.mx\/escucharnosdecir\/wp-content\/uploads\/2020\/10\/escucharnos-decir-11.jpg 1694w, https:\/\/www.metgroup.com.mx\/escucharnosdecir\/wp-content\/uploads\/2020\/10\/escucharnos-decir-11-300x214.jpg 300w, https:\/\/www.metgroup.com.mx\/escucharnosdecir\/wp-content\/uploads\/2020\/10\/escucharnos-decir-11-1024x731.jpg 1024w, https:\/\/www.metgroup.com.mx\/escucharnosdecir\/wp-content\/uploads\/2020\/10\/escucharnos-decir-11-768x549.jpg 768w, https:\/\/www.metgroup.com.mx\/escucharnosdecir\/wp-content\/uploads\/2020\/10\/escucharnos-decir-11-1536x1097.jpg 1536w\" sizes=\"(max-width: 1694px) 100vw, 1694px\" \/><\/a><\/div><div class=\"obfx-grid-col-content\">\t\t\t<h2 class=\"entry-title obfx-grid-title\">\n\t\t\t\t\t\t\t<a href=\"https:\/\/www.metgroup.com.mx\/escucharnosdecir\/eventos\/feb25\/\" title=\"Alto a la impunidad en M\u00e9xico\">\n\t\t\t\t\tAlto a la impunidad en M\u00e9xico\t\t\t\t<\/a>\n\t\t\t\t\t\t\t<\/h2>\n\t\t\t\t\t\t\t<div class=\"entry-meta obfx-grid-meta\">\n\n\t\t\t\t\t\t\t\t\t\t\t\t\t<span class=\"obfx-grid-date\">\n\t\t\t\t\t\t\t\t\t25 de febrero de 2021\t\t\t\t\t\t\t\t<\/span>\n\t\t\t\t\t\t\t\t\n\t\t\t\t<\/div>\n\t\t\t\t\t\t\t<div class=\"entry-content obfx-grid-content\">\n\t\t\t\tAlto a la impunidad en M\u00e9xico \u00bfsab\u00edas que solo 1% de los delitos que se cometen en M\u00e9xico se esclarecen? El 99% de los delitos quedan impunes; es decir, no existe justicia para las personas que son v\u00edctimas. En este contexto desde #EscucharnosDecir estamos amplificando&hellip;\t\t\t<\/div>\n\t\t\t<div class=\"obfx-grid-footer\"><a href=\"https:\/\/www.metgroup.com.mx\/escucharnosdecir\/eventos\/feb25\/\" title=\"Ver m\u00e1s\">Ver m\u00e1s<\/a><\/div><\/div><\/article><\/div><div class=\"obfx-grid-wrapper\"><article class=\"obfx-grid-col\"><div class=\"obfx-grid-col-image\" style=\"\"><a href=\"https:\/\/www.metgroup.com.mx\/escucharnosdecir\/eventos\/dic10\/\" title=\"Regal\u00e9 mis ojos para que la gente despierte\"><img decoding=\"async\" width=\"1694\" height=\"1210\" src=\"https:\/\/www.metgroup.com.mx\/escucharnosdecir\/wp-content\/uploads\/2020\/10\/escucharnos-decir-25.jpg\" class=\"img-responsive wp-post-image\" alt=\"#EscucharnosDecir #EnElAtrio\" srcset=\"https:\/\/www.metgroup.com.mx\/escucharnosdecir\/wp-content\/uploads\/2020\/10\/escucharnos-decir-25.jpg 1694w, https:\/\/www.metgroup.com.mx\/escucharnosdecir\/wp-content\/uploads\/2020\/10\/escucharnos-decir-25-300x214.jpg 300w, https:\/\/www.metgroup.com.mx\/escucharnosdecir\/wp-content\/uploads\/2020\/10\/escucharnos-decir-25-1024x731.jpg 1024w, https:\/\/www.metgroup.com.mx\/escucharnosdecir\/wp-content\/uploads\/2020\/10\/escucharnos-decir-25-768x549.jpg 768w, https:\/\/www.metgroup.com.mx\/escucharnosdecir\/wp-content\/uploads\/2020\/10\/escucharnos-decir-25-1536x1097.jpg 1536w\" sizes=\"(max-width: 1694px) 100vw, 1694px\" \/><\/a><\/div><div class=\"obfx-grid-col-content\">\t\t\t<h2 class=\"entry-title obfx-grid-title\">\n\t\t\t\t\t\t\t<a href=\"https:\/\/www.metgroup.com.mx\/escucharnosdecir\/eventos\/dic10\/\" title=\"Regal\u00e9 mis ojos para que la gente despierte\">\n\t\t\t\t\tRegal\u00e9 mis ojos para que la gente despierte\t\t\t\t<\/a>\n\t\t\t\t\t\t\t<\/h2>\n\t\t\t\t\t\t\t<div class=\"entry-meta obfx-grid-meta\">\n\n\t\t\t\t\t\t\t\t\t\t\t\t\t<span class=\"obfx-grid-date\">\n\t\t\t\t\t\t\t\t\t10 de diciembre de 2020\t\t\t\t\t\t\t\t<\/span>\n\t\t\t\t\t\t\t\t\n\t\t\t\t<\/div>\n\t\t\t\t\t\t\t<div class=\"entry-content obfx-grid-content\">\n\t\t\t\tRegal\u00e9 mis ojos para que la gente despierte En 2019 estallaron protestas en todo Chile por la subida de precios y la desigualdad, Gustavo Gatica estudiaba psicolog\u00eda en la capital, Santiago. Como millones m\u00e1s, \u00e9l tambi\u00e9n sali\u00f3 a la calle. En una fat\u00eddica protesta en&hellip;\t\t\t<\/div>\n\t\t\t<div class=\"obfx-grid-footer\"><a href=\"https:\/\/www.metgroup.com.mx\/escucharnosdecir\/eventos\/dic10\/\" title=\"Ver m\u00e1s\">Ver m\u00e1s<\/a><\/div><\/div><\/article><\/div><div class=\"obfx-grid-wrapper\"><article class=\"obfx-grid-col\"><div class=\"obfx-grid-col-image\" style=\"\"><a href=\"https:\/\/www.metgroup.com.mx\/escucharnosdecir\/eventos\/nov25\/\" title=\"Alto a las violencias contra las mujeres\"><img decoding=\"async\" width=\"1694\" height=\"1210\" src=\"https:\/\/www.metgroup.com.mx\/escucharnosdecir\/wp-content\/uploads\/2020\/10\/escucharnos-decir-12.jpg\" class=\"img-responsive wp-post-image\" alt=\"#EscucharnosDecir #EnElAtrio\" srcset=\"https:\/\/www.metgroup.com.mx\/escucharnosdecir\/wp-content\/uploads\/2020\/10\/escucharnos-decir-12.jpg 1694w, https:\/\/www.metgroup.com.mx\/escucharnosdecir\/wp-content\/uploads\/2020\/10\/escucharnos-decir-12-300x214.jpg 300w, https:\/\/www.metgroup.com.mx\/escucharnosdecir\/wp-content\/uploads\/2020\/10\/escucharnos-decir-12-1024x731.jpg 1024w, https:\/\/www.metgroup.com.mx\/escucharnosdecir\/wp-content\/uploads\/2020\/10\/escucharnos-decir-12-768x549.jpg 768w, https:\/\/www.metgroup.com.mx\/escucharnosdecir\/wp-content\/uploads\/2020\/10\/escucharnos-decir-12-1536x1097.jpg 1536w\" sizes=\"(max-width: 1694px) 100vw, 1694px\" \/><\/a><\/div><div class=\"obfx-grid-col-content\">\t\t\t<h2 class=\"entry-title obfx-grid-title\">\n\t\t\t\t\t\t\t<a href=\"https:\/\/www.metgroup.com.mx\/escucharnosdecir\/eventos\/nov25\/\" title=\"Alto a las violencias contra las mujeres\">\n\t\t\t\t\tAlto a las violencias contra las mujeres\t\t\t\t<\/a>\n\t\t\t\t\t\t\t<\/h2>\n\t\t\t\t\t\t\t<div class=\"entry-meta obfx-grid-meta\">\n\n\t\t\t\t\t\t\t\t\t\t\t\t\t<span class=\"obfx-grid-date\">\n\t\t\t\t\t\t\t\t\t25 de noviembre de 2020\t\t\t\t\t\t\t\t<\/span>\n\t\t\t\t\t\t\t\t\n\t\t\t\t<\/div>\n\t\t\t\t\t\t\t<div class=\"entry-content obfx-grid-content\">\n\t\t\t\tAlto a las violencias contra las mujeres \u00bfSab\u00edas que 11 mujeres mueren en M\u00e9xico todos los d\u00edas? El 97% de los feminicidios quedan impunes; es decir, no existe justicia para las mujeres que son asesinadas. Adem\u00e1s, la crisis de Covid-19 ha aumentado significativamente la violencia&hellip;\t\t\t<\/div>\n\t\t\t<div class=\"obfx-grid-footer\"><a href=\"https:\/\/www.metgroup.com.mx\/escucharnosdecir\/eventos\/nov25\/\" title=\"Ver m\u00e1s\">Ver m\u00e1s<\/a><\/div><\/div><\/article><\/div><\/div><!-- .obfx-grid-container --><\/div><!-- .obfx-grid -->\t\t\t\t<\/div>\n\t\t\t\t<\/div>\n\t\t\t\t\t<\/div>\n\t\t<\/div>\n\t\t\t\t\t<\/div>\n\t\t<\/section>\n\t\t\t\t<\/div>\n\t\t","protected":false},"excerpt":{"rendered":"<p>Pr\u00f3ximos eventos Alto a la impunidad en M\u00e9xico 13 de febrero de 2021 Alto a la impunidad en M\u00e9xico \u00bfSab\u00edas que solo 1% de los delitos que se cometen en M\u00e9xico se esclarecen? El 99% de los delitos quedan impunes; es decir, no existe justicia para que las personas que son v\u00edctimas.&nbsp;En este contexto desde&hellip;&nbsp;<a href=\"https:\/\/www.metgroup.com.mx\/escucharnosdecir\/eventos\/nov25\/\" rel=\"bookmark\">Leer m\u00e1s &raquo;<span class=\"screen-reader-text\">Alto a las violencias contra las mujeres<\/span><\/a><\/p>\n","protected":false},"author":1,"featured_media":0,"parent":0,"menu_order":0,"comment_status":"closed","ping_status":"closed","template":"page-templates\/template-pagebuilder-full-width.php","meta":{"neve_meta_sidebar":"","neve_meta_container":"","neve_meta_enable_content_width":"","neve_meta_content_width":70,"neve_meta_title_alignment":"","neve_meta_author_avatar":"","neve_post_elements_order":"","neve_meta_disable_header":"","neve_meta_disable_footer":"","neve_meta_disable_title":"","footnotes":""},"class_list":["post-93","page","type-page","status-publish","hentry"],"_links":{"self":[{"href":"https:\/\/www.metgroup.com.mx\/escucharnosdecir\/wp-json\/wp\/v2\/pages\/93","targetHints":{"allow":["GET"]}}],"collection":[{"href":"https:\/\/www.metgroup.com.mx\/escucharnosdecir\/wp-json\/wp\/v2\/pages"}],"about":[{"href":"https:\/\/www.metgroup.com.mx\/escucharnosdecir\/wp-json\/wp\/v2\/types\/page"}],"author":[{"embeddable":true,"href":"https:\/\/www.metgroup.com.mx\/escucharnosdecir\/wp-json\/wp\/v2\/users\/1"}],"replies":[{"embeddable":true,"href":"https:\/\/www.metgroup.com.mx\/escucharnosdecir\/wp-json\/wp\/v2\/comments?post=93"}],"version-history":[{"count":0,"href":"https:\/\/www.metgroup.com.mx\/escucharnosdecir\/wp-json\/wp\/v2\/pages\/93\/revisions"}],"wp:attachment":[{"href":"https:\/\/www.metgroup.com.mx\/escucharnosdecir\/wp-json\/wp\/v2\/media?parent=93"}],"curies":[{"name":"wp","href":"https:\/\/api.w.org\/{rel}","templated":true}]}}